{"id":256769,"date":"2023-05-22T17:10:15","date_gmt":"2023-05-22T15:10:15","guid":{"rendered":"https:\/\/casamarieta.com\/avis-legal\/"},"modified":"2024-02-20T12:12:41","modified_gmt":"2024-02-20T11:12:41","slug":"avis-legal","status":"publish","type":"page","link":"https:\/\/casamarieta.com\/ca\/avis-legal\/","title":{"rendered":"Av\u00eds Legal"},"content":{"rendered":"<p>[et_pb_section fb_built=&#8221;1&#8243; theme_builder_area=&#8221;post_content&#8221; _builder_version=&#8221;4.19.5&#8243; _module_preset=&#8221;default&#8221; da_is_popup=&#8221;off&#8221; da_exit_intent=&#8221;off&#8221; da_has_close=&#8221;on&#8221; da_alt_close=&#8221;off&#8221; da_dark_close=&#8221;off&#8221; da_not_modal=&#8221;on&#8221; da_is_singular=&#8221;off&#8221; da_with_loader=&#8221;off&#8221; da_has_shadow=&#8221;on&#8221; da_disable_devices=&#8221;off|off|off&#8221;][et_pb_row _builder_version=&#8221;4.19.5&#8243; _module_preset=&#8221;default&#8221; theme_builder_area=&#8221;post_content&#8221;][et_pb_column _builder_version=&#8221;4.19.5&#8243; _module_preset=&#8221;default&#8221; type=&#8221;4_4&#8243; theme_builder_area=&#8221;post_content&#8221;][et_pb_text _builder_version=&#8221;4.19.5&#8243; _module_preset=&#8221;default&#8221; theme_builder_area=&#8221;post_content&#8221; hover_enabled=&#8221;0&#8243; sticky_enabled=&#8221;0&#8243;]<\/p>\n<h1>Av\u00eds Legal<\/h1>\n<p><strong>1. Informaci\u00f3 General<\/strong><\/p>\n<p>En compliment amb el deure d&#8217;informaci\u00f3 disposat en la Llei 34\/2002, de Serveis de la Societat de la Informaci\u00f3 i del Comer\u00e7 Electr\u00f2nic (LSSI-CE) de l&#8217;11 de juliol, es faciliten a continuaci\u00f3 les seg\u00fcents dades d&#8217;informaci\u00f3 general d&#8217;aquest lloc web:<\/p>\n<p>La titularitat d&#8217;aquest lloc web, casamarieta.com, l&#8217;ostenta <strong>Casamarieta SL<\/strong>, amb NIF: <strong>B17540964<\/strong>, i domicili a <strong>Pla\u00e7a Independ\u00e8ncia, 5-6, Girona<\/strong>.<\/p>\n<p><strong>2. Condicions d&#8217;\u00das<\/strong><\/p>\n<p>L&#8217;acc\u00e9s i\/o \u00fas d&#8217;aquest lloc web de Casamarieta SL atribueix la condici\u00f3 d&#8217;USUARI, que accepta, des d&#8217;aquest acc\u00e9s i\/o \u00fas, les Condicions Generals d&#8217;\u00das aqu\u00ed reflectides. Les esmentades Condicions seran d&#8217; aplicaci\u00f3 independentment de les Condicions Generals de Contractaci\u00f3 que en el seu cas resultin d&#8217; obligat compliment.<\/p>\n<p><strong>3. \u00das del Lloc<\/strong><\/p>\n<p>casamarieta.com proporciona l&#8217;acc\u00e9s a m\u00faltiples informacions, serveis, programes o dades (en endavant, &#8220;els continguts&#8221;) a Internet pertanyents a Casamarieta SL o als seus llicenciants als quals l&#8217;USUARI pugui tenir acc\u00e9s. L&#8217;USUARI assumeix la responsabilitat de l&#8217;\u00fas del lloc. Aquesta responsabilitat s&#8217; est\u00e9n al registre que fos necessari per accedir a determinats serveis o continguts.<\/p>\n<p>En aquest registre l&#8217; USUARI ser\u00e0 responsable d&#8217; aportar informaci\u00f3 vera\u00e7 i l\u00edcita. Com a conseq\u00fc\u00e8ncia d&#8217; aquest registre, a l&#8217; USUARI se li pot proporcionar una contrasenya de la qual ser\u00e0 responsable, comprometent-se a fer-ne un \u00fas diligent i confidencial.<\/p>\n<p><strong>4. Protecci\u00f3 de Dades<\/strong><\/p>\n<p>Casamarieta SL compleix amb les directrius del Reglament General de Protecci\u00f3 de Dades (RGPD) i assegura el correcte \u00fas i tractament de les dades personals de l&#8217;usuari. Per a aix\u00f2, juntament amb cada formulari de recollida de dades de car\u00e0cter personal, en els serveis que l&#8217;usuari pugui sol\u00b7licitar a Casamarieta SL, far\u00e0 saber a l&#8217;usuari de l&#8217;exist\u00e8ncia i acceptaci\u00f3 de les condicions particulars del tractament de les seves dades en cada cas, informant-lo de la responsabilitat del fitxer creat, l&#8217;adre\u00e7a del responsable,  la possibilitat d&#8217;exercir els seus drets d&#8217;acc\u00e9s, rectificaci\u00f3, cancel\u00b7laci\u00f3 o oposici\u00f3, la finalitat del tractament i les comunicacions de dades a tercers si s&#8217;escau.<\/p>\n<p><strong>5. Propietat Intel\u00b7lectual i Industrial<\/strong><\/p>\n<p>Casamarieta SL per si mateix o com a cession\u00e0ria, \u00e9s titular de tots els drets de propietat intel\u00b7lectual i industrial de la seva p\u00e0gina web, aix\u00ed com dels elements continguts en la mateixa (a t\u00edtol enunciatiu, imatges, so, \u00e0udio, v\u00eddeo, programari o textos; marques o logotips, combinacions de colors, estructura i disseny, selecci\u00f3 de materials usats, programes d&#8217;ordinador necessaris per al seu funcionament,  acc\u00e9s i \u00fas, etc.), titularitat de Casamarieta SL o b\u00e9 dels seus llicenciants. Tots els drets reservats.<\/p>\n<p>Qualsevol \u00fas no autoritzat pr\u00e8viament per Casamarieta SL ser\u00e0 considerat un incompliment greu dels drets de propietat intel\u00b7lectual o industrial de l&#8217;autor.<\/p>\n<p><strong>6. Exclusi\u00f3 de Garanties i Responsabilitat<\/strong><\/p>\n<p>Casamarieta SL no es fa responsable, en cap cas, dels danys i perjudicis de qualsevol naturalesa que poguessin ocasionar, a t\u00edtol enunciatiu: errors o omissions en els continguts, manca de disponibilitat del portal o la transmissi\u00f3 de virus o programes maliciosos o lesius en els continguts, malgrat haver adoptat totes les mesures tecnol\u00f2giques necess\u00e0ries per evitar-ho.<\/p>\n<p><strong>7. Modificacions<\/strong><\/p>\n<p>Casamarieta SL es reserva el dret d&#8217; efectuar sense previ av\u00eds les modificacions que consideri oportunes en el seu portal, podent canviar, suprimir o afegir tant els continguts i serveis que es presten a trav\u00e9s de la mateixa com la forma en la qual aquests apareguin presentats o localitzats en el seu portal.<\/p>\n<p><strong>8. Enlla\u00e7os<\/strong><\/p>\n<p>En el cas que en casamarieta.com es disposessin enlla\u00e7os o hipervincles feia altres llocs d&#8217;Internet, Casamarieta SL no exercir\u00e0 cap tipus de control sobre aquests llocs i continguts. En cap cas Casamarieta SL assumir\u00e0 cap responsabilitat pels continguts d&#8217;algun enlla\u00e7 pertanyent a un lloc web ali\u00e8, ni garantir\u00e0 la disponibilitat t\u00e8cnica, qualitat, fiabilitat, exactitud, amplitud, veracitat, validesa i constitucionalitat de qualsevol material o informaci\u00f3 continguda en cap d&#8217;aquests hipervincles o altres llocs d&#8217;Internet.<\/p>\n<p><strong>9. Dret d&#8217;Exclusi\u00f3<\/strong><\/p>\n<p>Casamarieta SL es reserva el dret a denegar o retirar l&#8217;acc\u00e9s a portal i\/o els serveis oferts sense necessitat de preav\u00eds, a inst\u00e0ncia pr\u00f2pia o d&#8217;un tercer, a aquells usuaris que incompleixin les presents Condicions Generals d&#8217;\u00das.<\/p>\n<p><strong>10. Generalitats<\/strong><\/p>\n<p>Casamarieta SL perseguir\u00e0 l&#8217; incompliment de les presents condicions aix\u00ed com qualsevol utilitzaci\u00f3 indeguda del seu portal exercint totes les accions civils i penals que li puguin correspondre en dret.<\/p>\n<p><strong>11. Modificaci\u00f3 de les presents condicions i durada<\/strong><\/p>\n<p>Casamarieta SL podr\u00e0 modificar en qualsevol moment les condicions aqu\u00ed determinades, essent degudament publicades com aqu\u00ed apareixen. La vig\u00e8ncia de les esmentades condicions anir\u00e0 en funci\u00f3 de la seva exposici\u00f3 i seran vigents fins que siguin modificades per altres degudament publicades.<\/p>\n<p><strong>12. Legislaci\u00f3 aplicable i jurisdicci\u00f3<\/strong><\/p>\n<p>La relaci\u00f3 entre Casamarieta SL i l&#8217;USUARI es regir\u00e0 per la normativa espanyola vigent i qualsevol controv\u00e8rsia se sotmetr\u00e0 als Jutjats i tribunals de la ciutat de Girona.<\/p>\n<p>Data d&#8217;efectivitat: Des de 20 de febrer de 2024<\/p>\n<p>Aquest av\u00eds legal ha estat creat per informar-te dels teus drets i obligacions com a usuari d&#8217;aquest lloc web. Agra\u00efm la teva visita i esperem que trobis \u00fatil i satisfact\u00f2ria la teva experi\u00e8ncia en casamarieta.com.<\/p>\n<p>[\/et_pb_text][\/et_pb_column][\/et_pb_row][\/et_pb_section]<\/p>\n","protected":false},"excerpt":{"rendered":"<p>Av\u00eds Legal 1. Informaci\u00f3 General En compliment amb el deure d&#8217;informaci\u00f3 disposat en la Llei 34\/2002, de Serveis de la Societat de la Informaci\u00f3 i del Comer\u00e7 Electr\u00f2nic (LSSI-CE) de l&#8217;11 de juliol, es faciliten a continuaci\u00f3 les seg\u00fcents dades d&#8217;informaci\u00f3 general d&#8217;aquest lloc web: La titularitat d&#8217;aquest lloc web, casamarieta.com, l&#8217;ostenta Casamarieta SL, amb [&hellip;]<\/p>\n","protected":false},"author":6,"featured_media":0,"parent":0,"menu_order":0,"comment_status":"closed","ping_status":"closed","template":"","meta":{"_acf_changed":false,"_et_pb_use_builder":"on","_et_pb_old_content":"","_et_gb_content_width":"","footnotes":""},"class_list":["post-256769","page","type-page","status-publish","hentry"],"acf":[],"_links":{"self":[{"href":"https:\/\/casamarieta.com\/ca\/wp-json\/wp\/v2\/pages\/256769","targetHints":{"allow":["GET"]}}],"collection":[{"href":"https:\/\/casamarieta.com\/ca\/wp-json\/wp\/v2\/pages"}],"about":[{"href":"https:\/\/casamarieta.com\/ca\/wp-json\/wp\/v2\/types\/page"}],"author":[{"embeddable":true,"href":"https:\/\/casamarieta.com\/ca\/wp-json\/wp\/v2\/users\/6"}],"replies":[{"embeddable":true,"href":"https:\/\/casamarieta.com\/ca\/wp-json\/wp\/v2\/comments?post=256769"}],"version-history":[{"count":0,"href":"https:\/\/casamarieta.com\/ca\/wp-json\/wp\/v2\/pages\/256769\/revisions"}],"wp:attachment":[{"href":"https:\/\/casamarieta.com\/ca\/wp-json\/wp\/v2\/media?parent=256769"}],"curies":[{"name":"wp","href":"https:\/\/api.w.org\/{rel}","templated":true}]}}