{"id":256773,"date":"2023-05-22T17:10:16","date_gmt":"2023-05-22T15:10:16","guid":{"rendered":"https:\/\/casamarieta.com\/termes-i-condicions-de-la-botiga\/"},"modified":"2023-05-22T17:10:16","modified_gmt":"2023-05-22T15:10:16","slug":"termes-i-condicions-de-la-botiga","status":"publish","type":"page","link":"https:\/\/casamarieta.com\/ca\/termes-i-condicions-de-la-botiga\/","title":{"rendered":"Termes i condicions de la botiga"},"content":{"rendered":"<p>[et_pb_section fb_built=&#8221;1&#8243; admin_label=&#8221;section&#8221; _builder_version=&#8221;3.22&#8243; da_disable_devices=&#8221;off|off|off&#8221; da_is_popup=&#8221;off&#8221; da_exit_intent=&#8221;off&#8221; da_has_close=&#8221;on&#8221; da_alt_close=&#8221;off&#8221; da_dark_close=&#8221;off&#8221; da_not_modal=&#8221;on&#8221; da_is_singular=&#8221;off&#8221; da_with_loader=&#8221;off&#8221; da_has_shadow=&#8221;on&#8221;][et_pb_row admin_label=&#8221;row&#8221; _builder_version=&#8221;3.25&#8243; background_size=&#8221;initial&#8221; background_position=&#8221;top_left&#8221; background_repeat=&#8221;repeat&#8221;][et_pb_column type=&#8221;4_4&#8243; _builder_version=&#8221;3.25&#8243; custom_padding=&#8221;|||&#8221; custom_padding__hover=&#8221;|||&#8221;][et_pb_text admin_label=&#8221;Text&#8221; _builder_version=&#8221;3.27.4&#8243; background_size=&#8221;initial&#8221; background_position=&#8221;top_left&#8221; background_repeat=&#8221;repeat&#8221;]<\/p>\n<h3>LLIURAMENT DE LA COMANDA:<\/h3>\n<p>&#8211; El lliurament de la comanda est\u00e0 programada per al dia i hora que el client ha triat. No es realitzaran canvis un cop la comanda ja ha estat acceptada i\/o preparada.<br \/>  &#8211; En cas de TAKE AWAY (recollida al restaurant) que vost\u00e8 no pugui arribar a l&#8217;hora concertada o es demora en m\u00e9s de 30 min, o a DELIVERY (transport a domicili) si el client estigui absent a l&#8217;adre\u00e7a de lliurament de comanda, o no es localitza, o no es pot tenir acc\u00e9s a l&#8217;adre\u00e7a indicada,  aquest podr\u00e0 ser descartat i es podr\u00e0 considerar com a lliurat. &#8220;Sempre es prioritzar\u00e0 gestionar el descart alimentari amb fi ben\u00e8fic, per ajudar a minimitzar el malbaratament alimentari.&#8221;<br \/>  &#8211; En DELIVERY Per cada l\u00ednia de quantitat i tipus de producte, s&#8217; aplicar\u00e0 de 0.5 a 1 euro en funci\u00f3 del recorregut de trajecte. M\u00ednim 4e a 8 e, en funci\u00f3 del recorregut de trajecte.<br \/>  &#8211; Abans del lliurament, la comanda ser\u00e0 revisada per Casa amb els segells i est\u00e0ndards de treball d&#8217; acord amb la situaci\u00f3 i normativa actualitzada. El client en rebre&#8217; l d\u00f3na la seva conformitat. Un cop lliurada la comanda, llevat d&#8217; error, no hi ha dret a canvis per donar compliment a motius de seguretat i higiene. El Producte ve emmagatzemat en caixes, embolcalls aptes per al seu \u00fas. S&#8217;utilitzen bosses i processos respectuosos amb el medi ambient, prioritzant recursos reciclables i\/o biodegradables.<\/p>\n<h3>HORARIS:<\/h3>\n<p>&#8211; S&#8217;accepten comandes fins a les 12h del migdia, per ser recollits en el mateix dia a partir de les 12.30h, segons hora indicada en el sistema de comandes acordat amb el client.<br \/>  &#8211; El sistema permet realitzar comandes en qualsevol moment i hora del dia per la nostra p\u00e0gina web secci\u00f3 &#8220;Per a Portar&#8221;, inclusivament amb diversos dies d&#8217;antelaci\u00f3 a la data de recollida.<br \/>  &#8211; En cas de DELIVERY, l&#8217;horari de lliurament de la comanda es compr\u00e8n en restaurant, per la qual cosa el temps del Delivery (transport a domicili) podr\u00e0 comprendre entre 10-20 minuts addicionals aprox., en funci\u00f3 del recorregut del trajecte.<\/p>\n<h3>LLOC DE LLIURAMENT\/RECOLLIDA DE LA COMANDA:<\/h3>\n<p>&#8211; El lliurament\/recollida del TAKE AWAY es realitzar\u00e0 al Restaurant Casa, Pla\u00e7a Independ\u00e8ncia 5-6 17001 Girona, 972-201016. En cas de DELIVERY, ser\u00e0 a la direcci\u00f3 de lliurament de comanda. Si no es localitza l&#8217; adre\u00e7a indicada mitjan\u00e7ant els sistema de navegaci\u00f3 habituals de Geolocalitzaci\u00f3, la comanda es donar\u00e0 per lliurada.<\/p>\n<p>DEVOLUCIONS\/ RECLAMACIONS\/CANCEL\u00b7LACIONS:<br \/>  &#8211; En cas d&#8217; alguna situaci\u00f3 de devoluci\u00f3 o retorn, aquesta ser\u00e0 estudiada i comunicada oportunament al client o interessat. Per a qualsevol situaci\u00f3 que desitgin que s&#8217;estudi\u00ef, poden enviar un e-mail a takeaway@casamarieta.com .<br \/>  &#8211; Si per alguna situaci\u00f3 extraordin\u00e0ria no es pogu\u00e9s emprendre una comanda acceptada pr\u00e8viament, per motius d&#8217;organitzaci\u00f3 interna, per motius de no pres\u00e8ncia del client en la seva recollida a TAKE AWAY, per dificultat en el DELIVERY, per acc\u00e9s\/ubicaci\u00f3 arriscat\/da o desconegut\/da, o altres que impossibilitin el servei i\/o enc\u00e0rrec, Casa S.L. S&#8217; aliena de tota responsabilitat.<\/p>\n<p><span style=\"font-weight: 400;\"><strong>IMPORTANT:<\/strong> Per favor, conservi el comprovant de la seva comanda de forma electr\u00f2nica o impresa, ja que ser\u00e0 necess\u00e0ria per a la seva posterior comprovaci\u00f3 en el lliurament de la comanda a les nostres instal\u00b7lacions.  <\/span><\/p>\n<h3>Condicions d&#8217; \u00das<\/h3>\n<p>La utilitzaci\u00f3 del lloc Web li atorga la condici\u00f3 d&#8217;Usuari, i implica l&#8217;acceptaci\u00f3 completa de totes les cl\u00e0usules i condicions d&#8217;\u00fas incloses en les p\u00e0gines:<\/p>\n<p><a href=\"https:\/\/casamarieta.com\/ca\/avis-legal\/\" target=\"_blank\" rel=\"noopener noreferrer\">Av\u00eds Legal<\/a><br \/> <a href=\"https:\/\/casamarieta.com\/ca\/politica-de-privacitat\/\" target=\"_blank\" rel=\"noopener noreferrer\">Pol\u00edtica de Privacitat<\/a><br \/> <a href=\"https:\/\/casamarieta.com\/ca\/politica-de-cookies\/\" target=\"_blank\" rel=\"noopener noreferrer\">Pol\u00edtica de Cookies<\/a><\/p>\n<p>[\/et_pb_text][\/et_pb_column][\/et_pb_row][\/et_pb_section]<\/p>\n","protected":false},"excerpt":{"rendered":"<p>LLIURAMENT DE LA COMANDA: &#8211; El lliurament de la comanda est\u00e0 programada per al dia i hora que el client ha triat. No es realitzaran canvis un cop la comanda ja ha estat acceptada i\/o preparada. &#8211; En cas de TAKE AWAY (recollida al restaurant) que vost\u00e8 no pugui arribar a l&#8217;hora concertada o es [&hellip;]<\/p>\n","protected":false},"author":6,"featured_media":0,"parent":0,"menu_order":0,"comment_status":"closed","ping_status":"closed","template":"","meta":{"_acf_changed":false,"_et_pb_use_builder":"on","_et_pb_old_content":"","_et_gb_content_width":"","footnotes":""},"class_list":["post-256773","page","type-page","status-publish","hentry"],"acf":[],"_links":{"self":[{"href":"https:\/\/casamarieta.com\/ca\/wp-json\/wp\/v2\/pages\/256773","targetHints":{"allow":["GET"]}}],"collection":[{"href":"https:\/\/casamarieta.com\/ca\/wp-json\/wp\/v2\/pages"}],"about":[{"href":"https:\/\/casamarieta.com\/ca\/wp-json\/wp\/v2\/types\/page"}],"author":[{"embeddable":true,"href":"https:\/\/casamarieta.com\/ca\/wp-json\/wp\/v2\/users\/6"}],"replies":[{"embeddable":true,"href":"https:\/\/casamarieta.com\/ca\/wp-json\/wp\/v2\/comments?post=256773"}],"version-history":[{"count":0,"href":"https:\/\/casamarieta.com\/ca\/wp-json\/wp\/v2\/pages\/256773\/revisions"}],"wp:attachment":[{"href":"https:\/\/casamarieta.com\/ca\/wp-json\/wp\/v2\/media?parent=256773"}],"curies":[{"name":"wp","href":"https:\/\/api.w.org\/{rel}","templated":true}]}}