{"id":259961,"date":"2023-06-15T08:34:54","date_gmt":"2023-06-15T06:34:54","guid":{"rendered":"https:\/\/casamarieta.com\/politica-de-privacitat-2\/"},"modified":"2023-06-15T08:34:54","modified_gmt":"2023-06-15T06:34:54","slug":"politica-de-privacitat-2","status":"publish","type":"page","link":"https:\/\/casamarieta.com\/ca\/politica-de-privacitat-2\/","title":{"rendered":"Pol\u00edtica de privacitat"},"content":{"rendered":"<h3>INTRODUCCI\u00d3<\/h3>\n<p>A Restaurant Casa Marieta, sensibilitzats amb les necessitats dels usuaris d\u2019Internet i conscients de la import\u00e0ncia de la rigorosa privacitat de la informaci\u00f3 personal que ens confien, incloem aquesta declaraci\u00f3 de privacitat amb l\u2019objecte del fet que siguis conscient de la pol\u00edtica en el tractament de les dades personals que s\u2019obtenen dels visitants i usuaris..<\/p><p>Com usuari, acceptes aquestes condicions pel sol fet de llegir, visualitzar o navegar en la web. Si no ho acceptes, has d\u2019abandonar la web, sense fer \u00fas d\u2019ella ni del seu contingut, i sense accedir a les p\u00e0gines enlla\u00e7ades.<\/p>\n<h3 id='responsable'>RESPONSABLE DEL TRACTAMENT DE DADES<\/h3>\n<p>El titular de la web i responsable del tractament de dades \u00e9s Casa Marieta SL, amb CIF B17540964, per contactar pots emprar l'adre\u00e7a de correu electr\u00f2nic <a href=\"mailto:i%6e%66%6f%40%63asa&#109;a%72%69&#101;%74&#97;.c%6fm\">&#105;n&#102;&#111;&#64;ca&#115;&#97;ma&#114;i&#101;ta.&#99;&#111;m<\/a>, el tel\u00e9fon 972201016 o correu postal a Pla\u00e7a independ\u00e8ncia, 5-6, codi postal 17201 Girona.<\/p>\n<h3 id='finalidad'>FINALITAT DEL TRACTAMENT DE DADES<\/h3>\n<p>En la nostra web, existeixen apartats espec\u00edfics on pots anotar les teves dades per rebre informaci\u00f3 sobre actualitzacions de la nostra web i d\u2019alguns programes que es distribueixen. Nosaltres t\u2019assegurem que la informaci\u00f3 que ens facilitis ser\u00e0 gestionada de manera confidencial.<\/p><p>Les dades s'emmagatzemaran mentre existeixi previsi\u00f3 del seu \u00fas per a la fi per al qual van ser recollides..<\/p><p>No es fan preses de decisions automatitzades amb les teves dades.<\/p><p>La web pot utilitzar cookies, consulta la nostra <a href=\"https:\/\/casamarieta.com\/cookies\/\">pol\u00edtica de cookies<\/a>.<\/p>\n<h3 id='legitimacion'>LEGITIMACI\u00d3 DEL TRACTAMENT DE DADES<\/h3>\n<p>L'\u00fas de les teves dades s\u2019efectua perqu\u00e8 ens d\u00f3nes el teu consentiment per utilitzar les que ens proporciones en els formularis per un \u00fas espec\u00edfic que s'indica en cadascun d'ells. Totes les teves dades nom\u00e9s s\u00f3n necess\u00e0ries per a usos concrets pels quals se't  sol\u00b7liciten, si no ho fas, aquests serveis no s\u00f3n possibles.<\/p>\n<h3 id='transferencia'>TRANSFER\u00c8NCIES I CESSIONS DE DADES<\/h3>\n<p>Existeix un comprom\u00eds ferm per part nostre que les dades que proporcionis a Restaurant Casa Marieta, no seran venudes ni cedides a terceres persones sense el teu previ consentiment, per a cap concepte o circumst\u00e0ncia, excepte consentiment expr\u00e9s o obligaci\u00f3 legal.<\/p><p>La nostra web cont\u00e9 enlla\u00e7os cap a altres webs de tercers. Restaurant Casa Marieta no es fa responsable per les pol\u00edtiques i pr\u00e0ctiques de privacitat d'aquestes altres webs.<\/p>\n<h3 id='derechos'>DRETS DELS INTERESSATS<\/h3>\n<p>Tens dret a accedir a la informaci\u00f3 que sobre la teva persona estigui emmagatzemada en les nostres bases de dades, rectificar-la en cas d\u2019errada, suprimir-la, limitar-la oposar-te al seu tractament i retirar-ne el consentiment si aquest \u00e9s el teu desig. Per fer-ho nom\u00e9s has d\u2019escriure un e-mail a l\u2019adre\u00e7a de correu electr\u00f2nic: <a href=\"mailto:%69nf%6f&#64;c%61&#115;&#97;ma&#114;&#105;e%74&#97;&#46;&#99;%6f&#109;\">i&#110;&#102;o&#64;c&#97;&#115;&#97;ma&#114;&#105;&#101;t&#97;&#46;c&#111;m<\/a> don et contestarem qualsevol consulta, comentari, aclariment que ens facis al respecte.<\/p><p>Per a m\u00e9s informaci\u00f3 sobre temes relacionats, la web de refer\u00e8ncia de la Xarxa espanyola \u00e9s l\u2019<a href=\"https:\/\/www.agpd.es\/\" rel=\"nofollow noopener\" target=\"_blank\">Agencia de Protecci\u00f3n de Datos<\/a>, on tens dret a reclamar.<\/p>\n\n\n","protected":false},"excerpt":{"rendered":"","protected":false},"author":6,"featured_media":0,"parent":0,"menu_order":0,"comment_status":"closed","ping_status":"closed","template":"","meta":{"_acf_changed":false,"_et_pb_use_builder":"","_et_pb_old_content":"","_et_gb_content_width":"","footnotes":""},"class_list":["post-259961","page","type-page","status-publish","hentry"],"acf":[],"_links":{"self":[{"href":"https:\/\/casamarieta.com\/ca\/wp-json\/wp\/v2\/pages\/259961","targetHints":{"allow":["GET"]}}],"collection":[{"href":"https:\/\/casamarieta.com\/ca\/wp-json\/wp\/v2\/pages"}],"about":[{"href":"https:\/\/casamarieta.com\/ca\/wp-json\/wp\/v2\/types\/page"}],"author":[{"embeddable":true,"href":"https:\/\/casamarieta.com\/ca\/wp-json\/wp\/v2\/users\/6"}],"replies":[{"embeddable":true,"href":"https:\/\/casamarieta.com\/ca\/wp-json\/wp\/v2\/comments?post=259961"}],"version-history":[{"count":0,"href":"https:\/\/casamarieta.com\/ca\/wp-json\/wp\/v2\/pages\/259961\/revisions"}],"wp:attachment":[{"href":"https:\/\/casamarieta.com\/ca\/wp-json\/wp\/v2\/media?parent=259961"}],"curies":[{"name":"wp","href":"https:\/\/api.w.org\/{rel}","templated":true}]}}