{"id":259964,"date":"2023-06-15T08:35:00","date_gmt":"2023-06-15T06:35:00","guid":{"rendered":"https:\/\/casamarieta.com\/politica-de-cookies-2\/"},"modified":"2023-06-15T08:35:00","modified_gmt":"2023-06-15T06:35:00","slug":"politica-de-cookies-2","status":"publish","type":"page","link":"https:\/\/casamarieta.com\/ca\/politica-de-cookies-2\/","title":{"rendered":"Pol\u00edtica de cookies"},"content":{"rendered":"<h3>Aquest web utilitza cookies<\/h3>\n<p>En compliment de la Llei 34\/202 d\u201911 de juliol dels Serveis de la Societat de la Informaci\u00f3 i de Comer\u00e7 Electr\u00f2nic (LSSICE), t'informem que aquesta web <strong>Restaurant Casa Marieta<\/strong> utilitza cookies.<\/p>\n<p>La LSSICE s'aplica a qualsevol mena d'arxiu o dispositiu que es descarregui en l'equip terminal d'un usuari amb la finalitat d' emmagatzemar dades que podran ser actualitzades i recuperades per l'entitat responsable de la seva instal\u00b7laci\u00f3. Una cookie \u00e9s un d'aquests arxius d'\u00fas generalitzat, als que anomenem gen\u00e8ricament com a cookies.<\/p>\n<p>Les cookies (o galetes, en catal\u00e0) s\u00f3n petits fitxers de text enviats a un navegador des d\u2019un servidor web per registrar activitat de l\u2019usuari en una web de manera que pugui recuperar aquesta informaci\u00f3 posteriorment durant la navegaci\u00f3 per les diferents p\u00e0gines que estan connectades al servidor que les va instal\u00b7lar.<\/p>\n<p>Les <em>cookies<\/em> acostumen a emmagatzemar informaci\u00f3 de car\u00e0cter t\u00e8cnic, prefer\u00e8ncies personals, personalitzaci\u00f3 de continguts, estad\u00edstiques d'\u00fas, enlla\u00e7os a xarxes socials, acc\u00e9s a comptes d'usuaris, etc.<\/p>\n<h3>Tipus de cookies<\/h3>\n<p>A continuaci\u00f3,  es fa una classificaci\u00f3 de les cookies en funci\u00f3 d\u2019una s\u00e8rie de categories.  Tanmateix  \u00e9s necessari tenir en compte que una mateixa cookie pot estar inclosa en m\u00e9s d\u2019una categoria.<\/p><h2>Segons l'entitat que les gestiona<\/h2>\n<p><\/p><ul>\n\t\t<li><b>Cookies propies:<\/b> S\u00f3n aquelles que s'envien a l'equip terminal de l\u2019usuari des d'un equip o domini gestionat pel propi editor i des del qual es presta el servei sol\u00b7licitat per l'usuari.<\/li>\n\t\t<li><b>Cookies de tercers:<\/b> S\u00f3n aquelles que s'envien a l'equip terminal d\u2019usuari des d'un equip o domini que no \u00e9s gestionat pel mateix editor, sin\u00f3 per una altra entitat que tracta les dades obtingudes a trav\u00e9s de les cookies.<\/li>\n\t<\/ul><p>En el cas de que les cookies estiguin instal\u00b7lades des d'un equip o domini gestionat pel propi editor per\u00f2 la informaci\u00f3 que es reculli mitjan\u00e7ant aquestes sigui gestionada per un tercer, no s\u00f3n considerades cookies pr\u00f2pies.<\/p><h2>Segons el termini de temps d'activaci\u00f3<\/h2>\n<p>Segons el termini de temps que estiguin activades en l\u2019equip terminal distingim:<\/p><ul>\n\t\t<li><b>Cookies de sessi\u00f3:<\/b> S\u00f3n un tipus de cookies dissenyades per recavar i emmagatzemar dades mentre l\u2019usuari accedeix a una p\u00e0gina web. S\u2019acostumen a utilitzar per emmagatzemar informaci\u00f3 que nom\u00e9s interessa conservar per la prestaci\u00f3 del servei sol\u00b7licitat per l\u2019usuari en una \u00fanica ocasi\u00f3 (pe, una llista de productes comprats).<\/li>\n\t\t<li><b>Cookies persistents:<\/b> S\u00f3n un tipus de cookies en el que les dades siguin emmagatzemades en el terminal i a les que es pot accedir i tractades durant un per\u00edode definit pel responsable de la cookie i que pot ser d\u2019uns minuts fins a alguns anys.<\/li>\n\t<\/ul><h2>Segons la seva finalitat<\/h2>\n<p>Segons la finalitat per la qual es tracten les dades obtingudes a trav\u00e9s de les cookies, podem distingir entre:<\/p><ul>\n\t\t<li><b>Cookies t\u00e8cniques:<\/b> S\u00f3n aquelles que permeten a l\u2019usuari la navegaci\u00f3 a trav\u00e9s d\u2019una p\u00e0gina web, plataforma o aplicaci\u00f3 i la utilitzaci\u00f3 de les diferents opcions o serveis que en ella existeixen, com per exemple, controlar el tr\u00e0fic i la comunicaci\u00f3 de dades, identificar la sessi\u00f3, accedir a espais d\u2019acc\u00e9s restringit, recordar els elements que integren una comanda, realitzar el proc\u00e9s de compra d\u2019una comanda, realitzar la sol\u00b7licitud d\u2019inscripci\u00f3 o participaci\u00f3 en un esdeveniment, utilitzar elements de seguretat durant la navegaci\u00f3, emmagatzemar continguts per la difusi\u00f3 de v\u00eddeos o so, o compartir continguts a trav\u00e9s de les xarxes socials.<\/li>\n\t\t<li><b>Cookies de personalitzaci\u00f3:<\/b> S\u00f3n aquelles que permeten a l'usuari accedir al servei amb algunes caracter\u00edstiques de car\u00e0cter general predefinides en funci\u00f3 d'una s\u00e8rie de criteris en el terminal de l\u2019usuari, com l'idioma, el tipus de navegador a trav\u00e9s del qual s'accedeix al servidor, etc.<\/li>\n\t\t<li><b>Cookies d'an\u00e0lisi:<\/b> S\u00f3n aquelles que permeten al responsable d'aquestes, el seguiment i an\u00e0lisi del comportament dels usuaris dels webs als quals estan vinculades. La informaci\u00f3 recollida mitjan\u00e7ant aquesta mena de cookies s'utilitza per mesurar l'activitat de la web, aplicaci\u00f3 o plataforma i per l'elaboraci\u00f3 de perfils de navegaci\u00f3 dels usuaris d\u2019aquestes webs, aplicacions i plataformes, amb la finalitat d\u2019introduir millores en funci\u00f3 de les an\u00e0lisis de les dades d'\u00fas que fan els usuaris del servei.<\/li>\n\t\t<li><b>Cookies publicit\u00e0ries:<\/b> S\u00f3n aquelles que permeten la gesti\u00f3, de la manera m\u00e9s efica\u00e7 possible, dels espais publicitaris que, en el seu cas, l'editor hagi incl\u00f2s en la seva p\u00e0gina web, aplicaci\u00f3 o plataforma des de la qual es presta el servei sol\u00b7licitat d'acord a criteris com el contingut editat o la freq\u00fc\u00e8ncia en la qual es mostren els anuncis.<\/li>\n\t\t<li><b>Cookies de publicitat sobre comportament:<\/b> S\u00f3n aquelles que permeten la gesti\u00f3, de la forma m\u00e9s efica\u00e7 possible, dels espais publicitaris que, en el seu cas, l\u2019editor hagi incl\u00f2s en una p\u00e0gina web, aplicaci\u00f3 o plataforma des del qual presta el servei sol\u00b7licitat. Aquestes cookies emmagatzemen informaci\u00f3 del comportament dels usuaris obtinguda a trav\u00e9s de l\u2019observaci\u00f3 continuada dels seus h\u00e0bits de navegaci\u00f3, el que permet desenvolupar un perfil espec\u00edfic per mostrar publicitat en funci\u00f3 del mateix.<\/li>\n\t<\/ul>\n<h3>Com desactivar les cookies en els principals navegadors web<\/h3>\n<p>Per configurar l\u2019\u00fas de cookies, segueix les instruccions corresponents al mateix navegador o consulta la seva ajuda: <\/p>\n<ul>\n<li><a href=\"https:\/\/support.apple.com\/es-es\/HT201265\" rel=\"nofollow noopener\" target=\"_blank\">Safari<\/a><\/li>\n<li><a href=\"https:\/\/support.mozilla.org\/ca\/kb\/activa-i-desactiva-les-galetes-que-les-pagines-web\" rel=\"nofollow noopener\" target=\"_blank\">Firefox<\/a><\/li>\n<li><a href=\"https:\/\/support.google.com\/chrome\/answer\/95647?hl=ca\" rel=\"nofollow noopener\" target=\"_blank\">Chrome<\/a><\/li>\n<li><a href=\"https:\/\/www.opera.com\/help\/tutorials\/security\/privacy\/\" rel=\"nofollow noopener\" target=\"_blank\">\u00d3pera<\/a><\/li>\n<li><a href=\"https:\/\/support.microsoft.com\/es-es\/help\/17442\/windows-internet-explorer-delete-manage-cookies\" rel=\"nofollow noopener\" target=\"_blank\">Internet Explorer<\/a><\/li>\n<li><a href=\"https:\/\/privacy.microsoft.com\/es-es\/windows-10-microsoft-edge-and-privacy\" rel=\"nofollow noopener\" target=\"_blank\">Edge<\/a><\/li>\n<\/ul>\n<h3>Qu\u00e9 passa si no s'accepten les cookies<\/h3>\n<p>El rebuig de les cookies pot impedir l\u2019acc\u00e9s a continguts i serveis personalitzats.<\/p>\n<h3>Actualitzacions i modificacions en la pol\u00edtica de cookies<\/h3>\n<p>Restaurant Casa Marieta pot modificar aquesta pol\u00edtica de cookies en funci\u00f3 de les exig\u00e8ncies legislatives, reglament\u00e0ries, amb la finalitat d'adaptar aquesta pol\u00edtica a les instruccions dictades per l'Agencia Espa\u00f1ola de Protecci\u00f3n de Datos, per q\u00fcestions t\u00e8cniques o de reorganitzaci\u00f3 de la web; per aix\u00f2 t'aconsellem que les visites peri\u00f2dicament.\n<h3>Contacte<\/h3>\n<p>Per resoldre qualsevol dubte sobre c\u00f3m s'utilitzen les  cookies, escriu a la direcci\u00f3 de correu electr\u00f2nic: <a href=\"mailto:&#105;n&#102;%6f&#64;%63&#97;&#115;a%6d&#97;&#114;i%65%74%61&#46;&#99;&#111;&#109;\">info&#64;&#99;&#97;s&#97;&#109;&#97;&#114;iet&#97;&#46;&#99;&#111;m<\/a>.\n\n\n","protected":false},"excerpt":{"rendered":"","protected":false},"author":6,"featured_media":0,"parent":0,"menu_order":0,"comment_status":"closed","ping_status":"closed","template":"","meta":{"_acf_changed":false,"_et_pb_use_builder":"","_et_pb_old_content":"","_et_gb_content_width":"","footnotes":""},"class_list":["post-259964","page","type-page","status-publish","hentry"],"acf":[],"_links":{"self":[{"href":"https:\/\/casamarieta.com\/ca\/wp-json\/wp\/v2\/pages\/259964","targetHints":{"allow":["GET"]}}],"collection":[{"href":"https:\/\/casamarieta.com\/ca\/wp-json\/wp\/v2\/pages"}],"about":[{"href":"https:\/\/casamarieta.com\/ca\/wp-json\/wp\/v2\/types\/page"}],"author":[{"embeddable":true,"href":"https:\/\/casamarieta.com\/ca\/wp-json\/wp\/v2\/users\/6"}],"replies":[{"embeddable":true,"href":"https:\/\/casamarieta.com\/ca\/wp-json\/wp\/v2\/comments?post=259964"}],"version-history":[{"count":0,"href":"https:\/\/casamarieta.com\/ca\/wp-json\/wp\/v2\/pages\/259964\/revisions"}],"wp:attachment":[{"href":"https:\/\/casamarieta.com\/ca\/wp-json\/wp\/v2\/media?parent=259964"}],"curies":[{"name":"wp","href":"https:\/\/api.w.org\/{rel}","templated":true}]}}