{"id":256722,"date":"2023-05-22T17:08:58","date_gmt":"2023-05-22T15:08:58","guid":{"rendered":"https:\/\/casamarieta.com\/budget\/"},"modified":"2023-05-22T17:08:58","modified_gmt":"2023-05-22T15:08:58","slug":"budget","status":"publish","type":"page","link":"https:\/\/casamarieta.com\/en\/budget\/","title":{"rendered":"Budget"},"content":{"rendered":"<p>[et_pb_section fb_built=&#8221;1&#8243; _builder_version=&#8221;4.4.5&#8243; da_is_popup=&#8221;off&#8221; da_exit_intent=&#8221;off&#8221; da_has_close=&#8221;on&#8221; da_alt_close=&#8221;off&#8221; da_dark_close=&#8221;off&#8221; da_not_modal=&#8221;on&#8221; da_is_singular=&#8221;off&#8221; da_with_loader=&#8221;off&#8221; da_has_shadow=&#8221;on&#8221; da_disable_devices=&#8221;off|off|off&#8221;][\/et_pb_section][et_pb_section fb_built=&#8221;1&#8243; admin_label=&#8221;Footer&#8221; _builder_version=&#8221;4.4.5&#8243; custom_margin=&#8221;20px||||false|false&#8221; custom_padding=&#8221;0px||||false|false&#8221; bottom_divider_arrangement=&#8221;above_content&#8221; saved_tabs=&#8221;all&#8221; locked=&#8221;off&#8221; global_module=&#8221;230766&#8243; da_is_popup=&#8221;off&#8221; da_exit_intent=&#8221;off&#8221; da_has_close=&#8221;on&#8221; da_alt_close=&#8221;off&#8221; da_dark_close=&#8221;off&#8221; da_not_modal=&#8221;on&#8221; da_is_singular=&#8221;off&#8221; da_with_loader=&#8221;off&#8221; da_has_shadow=&#8221;on&#8221; da_disable_devices=&#8221;off|off|off&#8221;][et_pb_row column_structure=&#8221;1_2,1_2&#8243; use_custom_gutter=&#8221;on&#8221; make_equal=&#8221;on&#8221; admin_label=&#8221;Footer Row&#8221; _builder_version=&#8221;4.4.5&#8243; background_color=&#8221;#000000&#8243; width=&#8221;100%&#8221; max_width=&#8221;1920px&#8221; max_width_tablet=&#8221;&#8221; max_width_phone=&#8221;&#8221; max_width_last_edited=&#8221;on|desktop&#8221; module_alignment=&#8221;center&#8221; custom_margin_tablet=&#8221;&#8221; custom_margin_phone=&#8221;-15px||||false|false&#8221; custom_margin_last_edited=&#8221;on|phone&#8221; animation_direction=&#8221;bottom&#8221; make_fullwidth=&#8221;on&#8221;][et_pb_column type=&#8221;1_2&#8243; _builder_version=&#8221;4.4.5&#8243; background_color=&#8221;#000000&#8243; custom_padding=&#8221;100px|10%|100px|10%&#8221; border_color_all=&#8221;#ffffff&#8221; custom_padding__hover=&#8221;|||&#8221;][et_pb_text admin_label=&#8221;Tittle&#8221; _builder_version=&#8221;4.4.5&#8243; text_font=&#8221;Oswald||||&#8221; link_font=&#8221;||||||||&#8221; ul_font=&#8221;||||||||&#8221; ol_font=&#8221;||||||||&#8221; quote_font=&#8221;||||||||&#8221; header_font=&#8221;||||||||&#8221; header_2_font=&#8221;Oswald|||on|||||&#8221; header_2_text_align=&#8221;left&#8221; header_2_font_size=&#8221;40px&#8221; header_2_letter_spacing=&#8221;2px&#8221; header_2_line_height=&#8221;1.5em&#8221; background_layout=&#8221;dark&#8221; custom_margin=&#8221;-76px||4%||false|false&#8221; custom_padding=&#8221;0px||||false|false&#8221; locked=&#8221;off&#8221;]<\/p>\n<h2>Visit us now!<\/h2>\n<p>[\/et_pb_text][et_pb_text admin_label=&#8221;Texts&#8221; _builder_version=&#8221;4.4.5&#8243; text_font=&#8221;Nunito||||&#8221; text_font_size=&#8221;16px&#8221; link_text_color=&#8221;#ffffff&#8221; header_font=&#8221;Oswald|||on|&#8221; header_text_color=&#8221;rgba(0,0,0,0)&#8221; header_font_size=&#8221;16px&#8221; header_letter_spacing=&#8221;2px&#8221; header_line_height=&#8221;1.7em&#8221; header_4_font=&#8221;Oswald|||on|||||&#8221; header_4_text_color=&#8221;#e09900&#8243; header_4_font_size=&#8221;16px&#8221; header_4_letter_spacing=&#8221;1px&#8221; header_4_line_height=&#8221;1.5em&#8221; header_5_font=&#8221;Open Sans||||||||&#8221; background_layout=&#8221;dark&#8221; custom_margin=&#8221;||6%|&#8221; locked=&#8221;off&#8221;]<\/p>\n<h4>WORKING DAYS  <\/h4>\n<p>On request<\/p>\n<p>From 12:30h to 15:30h<br \/>  From 20:00h to 22:30h<br \/>  * In summer season (terrace) from 20:00h to 23:00h<\/p>\n<p>[\/et_pb_text][et_pb_text admin_label=&#8221;Texts&#8221; _builder_version=&#8221;4.4.5&#8243; text_font=&#8221;Nunito||||&#8221; text_font_size=&#8221;16px&#8221; link_text_color=&#8221;#ffffff&#8221; header_font=&#8221;Oswald|||on|&#8221; header_text_color=&#8221;rgba(0,0,0,0)&#8221; header_font_size=&#8221;16px&#8221; header_letter_spacing=&#8221;2px&#8221; header_line_height=&#8221;1.7em&#8221; header_4_font=&#8221;Oswald|||on|||||&#8221; header_4_text_color=&#8221;#e09900&#8243; header_4_font_size=&#8221;16px&#8221; header_4_letter_spacing=&#8221;1px&#8221; header_4_line_height=&#8221;1.5em&#8221; header_5_font=&#8221;Open Sans||||||||&#8221; background_layout=&#8221;dark&#8221; custom_margin=&#8221;||6%|&#8221; locked=&#8221;off&#8221;]<\/p>\n<h4>Vespers and Holidays<\/h4>\n<p>On request<\/p>\n<p>From 12:30h to 15:30h<br \/>  From 20:00h to 23:00h<\/p>\n<p>[\/et_pb_text][et_pb_button button_url=&#8221;https:\/\/casamarieta.com\/solicitud-de-reserva\/&#8221; button_text=&#8221;reservar mesa&#8221; button_alignment=&#8221;left&#8221; admin_label=&#8221;Texts&#8221; _builder_version=&#8221;4.4.5&#8243; custom_button=&#8221;on&#8221; button_text_size=&#8221;15px&#8221; button_text_color=&#8221;#ffffff&#8221; button_bg_color=&#8221;#e09900&#8243; button_border_width=&#8221;10px&#8221; button_border_color=&#8221;#e09900&#8243; button_border_radius=&#8221;62px&#8221; button_letter_spacing=&#8221;3px&#8221; button_font=&#8221;Oswald|||on|&#8221; button_use_icon=&#8221;off&#8221; custom_margin=&#8221;|||&#8221; button_border_color_hover=&#8221;#c99872&#8243; button_border_radius_hover=&#8221;0px&#8221; button_letter_spacing_hover=&#8221;3px&#8221; button_bg_color_hover=&#8221;#c99872&#8243; button_text_size__hover_enabled=&#8221;off&#8221; button_one_text_size__hover_enabled=&#8221;off&#8221; button_two_text_size__hover_enabled=&#8221;off&#8221; button_text_color__hover_enabled=&#8221;off&#8221; button_one_text_color__hover_enabled=&#8221;off&#8221; button_two_text_color__hover_enabled=&#8221;off&#8221; button_border_width__hover_enabled=&#8221;off&#8221; button_one_border_width__hover_enabled=&#8221;off&#8221; button_two_border_width__hover_enabled=&#8221;off&#8221; button_border_color__hover_enabled=&#8221;on&#8221; button_border_color__hover=&#8221;#c99872&#8243; button_one_border_color__hover_enabled=&#8221;off&#8221; button_two_border_color__hover_enabled=&#8221;off&#8221; button_border_radius__hover_enabled=&#8221;on&#8221; button_border_radius__hover=&#8221;0px&#8221; button_one_border_radius__hover_enabled=&#8221;off&#8221; button_two_border_radius__hover_enabled=&#8221;off&#8221; button_letter_spacing__hover_enabled=&#8221;on&#8221; button_letter_spacing__hover=&#8221;3px&#8221; button_one_letter_spacing__hover_enabled=&#8221;off&#8221; button_two_letter_spacing__hover_enabled=&#8221;off&#8221; button_bg_color__hover_enabled=&#8221;on&#8221; button_bg_color__hover=&#8221;#c99872&#8243; button_one_bg_color__hover_enabled=&#8221;off&#8221; button_two_bg_color__hover_enabled=&#8221;off&#8221;][\/et_pb_button][\/et_pb_column][et_pb_column type=&#8221;1_2&#8243; _builder_version=&#8221;4.4.5&#8243; background_color=&#8221;#000000&#8243; custom_padding=&#8221;100px|10%|100px|10%&#8221; custom_padding_tablet=&#8221;&#8221; custom_padding_phone=&#8221;0px||0px||false|false&#8221; custom_padding_last_edited=&#8221;on|phone&#8221; border_width_all=&#8221;0px&#8221; border_color_all=&#8221;#ffffff&#8221; custom_padding__hover=&#8221;|||&#8221;][et_pb_text admin_label=&#8221;Texts&#8221; module_id=&#8221;contactame&#8221; _builder_version=&#8221;4.4.5&#8243; text_font=&#8221;Oswald||||&#8221; link_font=&#8221;||||||||&#8221; ul_font=&#8221;||||||||&#8221; ol_font=&#8221;||||||||&#8221; quote_font=&#8221;||||||||&#8221; header_font=&#8221;||||||||&#8221; header_2_font=&#8221;Oswald|||on|||||&#8221; header_2_text_align=&#8221;left&#8221; header_2_font_size=&#8221;40px&#8221; header_2_letter_spacing=&#8221;2px&#8221; header_2_line_height=&#8221;1.5em&#8221; background_layout=&#8221;dark&#8221; custom_margin=&#8221;-76px||4%||false|false&#8221; custom_padding=&#8221;|||&#8221; locked=&#8221;off&#8221;]<\/p>\n<h2>Contact<\/h2>\n<p>[\/et_pb_text][et_pb_text admin_label=&#8221;Texts&#8221; _builder_version=&#8221;4.4.5&#8243; text_font=&#8221;Nunito||||&#8221; text_font_size=&#8221;16px&#8221; link_text_color=&#8221;#ffffff&#8221; header_font=&#8221;Oswald|||on|&#8221; header_text_color=&#8221;rgba(0,0,0,0)&#8221; header_font_size=&#8221;16px&#8221; header_letter_spacing=&#8221;2px&#8221; header_line_height=&#8221;1.7em&#8221; header_4_font=&#8221;Oswald|||on|||||&#8221; header_4_text_color=&#8221;#e09900&#8243; header_4_font_size=&#8221;16px&#8221; header_4_letter_spacing=&#8221;1px&#8221; header_4_line_height=&#8221;1.5em&#8221; header_5_font=&#8221;Open Sans||||||||&#8221; background_layout=&#8221;dark&#8221; custom_margin=&#8221;||6%|&#8221; locked=&#8221;off&#8221;]<\/p>\n<h4>Telephone<\/h4>\n<p><a href=\"tel:972201016\">+34 <span jstcache=\"191\" class=\"section-info-text\"><br \/>\n  <span jstcache=\"148\" class=\"widget-pane-link\" jsan=\"7.widget-pane-link\">972 20 10 16<\/span><br \/>\n<\/span><\/a><\/p>\n<p>[\/et_pb_text][et_pb_text admin_label=&#8221;Texts&#8221; _builder_version=&#8221;4.4.5&#8243; text_font=&#8221;Nunito||||&#8221; text_font_size=&#8221;16px&#8221; link_text_color=&#8221;#ffffff&#8221; header_font=&#8221;Oswald|||on|&#8221; header_text_color=&#8221;rgba(0,0,0,0)&#8221; header_font_size=&#8221;16px&#8221; header_letter_spacing=&#8221;2px&#8221; header_line_height=&#8221;1.7em&#8221; header_4_font=&#8221;Oswald|||on|||||&#8221; header_4_text_color=&#8221;#e09900&#8243; header_4_font_size=&#8221;16px&#8221; header_4_letter_spacing=&#8221;1px&#8221; header_4_line_height=&#8221;1.5em&#8221; header_5_font=&#8221;Open Sans||||||||&#8221; background_layout=&#8221;dark&#8221; custom_margin=&#8221;||6%|&#8221; locked=&#8221;off&#8221;]<\/p>\n<h4>email<\/h4>\n<p><a href=\"mailto:info@casamarieta.com\">info@casamarieta.com<\/a><\/p>\n<p>[\/et_pb_text][et_pb_text admin_label=&#8221;Texts&#8221; _builder_version=&#8221;4.4.5&#8243; text_font=&#8221;Nunito||||&#8221; text_font_size=&#8221;16px&#8221; link_text_color=&#8221;#ffffff&#8221; header_font=&#8221;Oswald|||on|&#8221; header_text_color=&#8221;rgba(0,0,0,0)&#8221; header_font_size=&#8221;16px&#8221; header_letter_spacing=&#8221;2px&#8221; header_line_height=&#8221;1.7em&#8221; header_4_font=&#8221;Oswald|||on|||||&#8221; header_4_text_color=&#8221;#e09900&#8243; header_4_font_size=&#8221;16px&#8221; header_4_letter_spacing=&#8221;1px&#8221; header_4_line_height=&#8221;1.5em&#8221; header_5_font=&#8221;Open Sans||||||||&#8221; background_layout=&#8221;dark&#8221; custom_margin=&#8221;||6%|&#8221; locked=&#8221;off&#8221;]<\/p>\n<h4>Address<\/h4>\n<p>Pla\u00e7a Independ\u00e8ncia, 5-6, 17001 Girona<\/p>\n<p>[\/et_pb_text][et_pb_button button_text=&#8221;PARA LLEVAR&#8221; button_alignment=&#8221;left&#8221; admin_label=&#8221;Texts&#8221; _builder_version=&#8221;4.4.5&#8243; custom_button=&#8221;on&#8221; button_text_size=&#8221;15px&#8221; button_text_color=&#8221;#ffffff&#8221; button_bg_color=&#8221;#e09900&#8243; button_border_width=&#8221;10px&#8221; button_border_color=&#8221;#e09900&#8243; button_border_radius=&#8221;62px&#8221; button_letter_spacing=&#8221;3px&#8221; button_font=&#8221;Oswald|||on|&#8221; button_use_icon=&#8221;off&#8221; custom_margin=&#8221;|||&#8221; button_border_color_hover=&#8221;#c99872&#8243; button_border_radius_hover=&#8221;0px&#8221; button_letter_spacing_hover=&#8221;3px&#8221; button_bg_color_hover=&#8221;#c99872&#8243; button_text_size__hover_enabled=&#8221;off&#8221; button_one_text_size__hover_enabled=&#8221;off&#8221; button_two_text_size__hover_enabled=&#8221;off&#8221; button_text_color__hover_enabled=&#8221;off&#8221; button_one_text_color__hover_enabled=&#8221;off&#8221; button_two_text_color__hover_enabled=&#8221;off&#8221; button_border_width__hover_enabled=&#8221;off&#8221; button_one_border_width__hover_enabled=&#8221;off&#8221; button_two_border_width__hover_enabled=&#8221;off&#8221; button_border_color__hover_enabled=&#8221;on&#8221; button_border_color__hover=&#8221;#c99872&#8243; button_one_border_color__hover_enabled=&#8221;off&#8221; button_two_border_color__hover_enabled=&#8221;off&#8221; button_border_radius__hover_enabled=&#8221;on&#8221; button_border_radius__hover=&#8221;0px&#8221; button_one_border_radius__hover_enabled=&#8221;off&#8221; button_two_border_radius__hover_enabled=&#8221;off&#8221; button_letter_spacing__hover_enabled=&#8221;on&#8221; button_letter_spacing__hover=&#8221;3px&#8221; button_one_letter_spacing__hover_enabled=&#8221;off&#8221; button_two_letter_spacing__hover_enabled=&#8221;off&#8221; button_bg_color__hover_enabled=&#8221;on&#8221; button_bg_color__hover=&#8221;#c99872&#8243; button_one_bg_color__hover_enabled=&#8221;off&#8221; button_two_bg_color__hover_enabled=&#8221;off&#8221; button_bg_enable_color__hover=&#8221;on&#8221;][\/et_pb_button][\/et_pb_column][\/et_pb_row][\/et_pb_section][et_pb_section fb_built=&#8221;1&#8243; _builder_version=&#8221;4.4.5&#8243; min_height=&#8221;989px&#8221; custom_margin=&#8221;-36px||||false|false&#8221; custom_margin_tablet=&#8221;&#8221; custom_margin_phone=&#8221;0px||||false|false&#8221; custom_margin_last_edited=&#8221;on|phone&#8221; da_disable_devices=&#8221;off|off|off&#8221; saved_tabs=&#8221;all&#8221; global_module=&#8221;229947&#8243; da_is_popup=&#8221;off&#8221; da_exit_intent=&#8221;off&#8221; da_has_close=&#8221;on&#8221; da_alt_close=&#8221;off&#8221; da_dark_close=&#8221;off&#8221; da_not_modal=&#8221;on&#8221; da_is_singular=&#8221;off&#8221; da_with_loader=&#8221;off&#8221; da_has_shadow=&#8221;on&#8221;][et_pb_row _builder_version=&#8221;4.4.5&#8243;][et_pb_column type=&#8221;4_4&#8243; _builder_version=&#8221;4.4.5&#8243;][et_pb_social_media_follow _builder_version=&#8221;4.4.5&#8243; text_orientation=&#8221;center&#8221; width=&#8221;100%&#8221; module_alignment=&#8221;center&#8221; background__hover_enabled=&#8221;on|hover&#8221;][et_pb_social_media_follow_network social_network=&#8221;facebook&#8221; url=&#8221;https:\/\/www.facebook.com\/pages\/category\/Restaurant\/Casa-Marieta-175877525774877\/&#8221; use_icon_font_size=&#8221;on&#8221; icon_font_size=&#8221;40px&#8221; icon_font_size_tablet=&#8221;&#8221; icon_font_size_phone=&#8221;20px&#8221; icon_font_size_last_edited=&#8221;on|phone&#8221; _builder_version=&#8221;4.4.5&#8243; background_color=&#8221;rgba(59,89,152,0.9)&#8221; background_enable_color=&#8221;on&#8221; background__hover_enabled=&#8221;on|hover&#8221; background_color__hover=&#8221;#3058ad&#8221; background_enable_color__hover=&#8221;on&#8221; follow_button=&#8221;off&#8221; url_new_window=&#8221;on&#8221;]Facebook[\/et_pb_social_media_follow_network][et_pb_social_media_follow_network social_network=&#8221;linkedin&#8221; url=&#8221;https:\/\/es.linkedin.com\/company\/casa-marieta-sl?trk=public_profile_topcard_current_company&#8221; use_icon_font_size=&#8221;on&#8221; icon_font_size=&#8221;40px&#8221; icon_font_size_tablet=&#8221;&#8221; icon_font_size_phone=&#8221;20px&#8221; icon_font_size_last_edited=&#8221;on|phone&#8221; _builder_version=&#8221;4.4.5&#8243; background_color=&#8221;#007bb6&#8243; background_enable_color=&#8221;on&#8221; background__hover_enabled=&#8221;on|desktop&#8221; background_color__hover=&#8221;#0086c9&#8243; background_enable_color__hover=&#8221;on&#8221; follow_button=&#8221;off&#8221; url_new_window=&#8221;on&#8221;]LinkedIn[\/et_pb_social_media_follow_network][et_pb_social_media_follow_network social_network=&#8221;instagram&#8221; url=&#8221;https:\/\/www.instagram.com\/restaurantcasamarieta\/&#8221; use_icon_font_size=&#8221;on&#8221; icon_font_size=&#8221;40px&#8221; icon_font_size_tablet=&#8221;&#8221; icon_font_size_phone=&#8221;20px&#8221; icon_font_size_last_edited=&#8221;on|phone&#8221; _builder_version=&#8221;4.4.5&#8243; background_color=&#8221;#ea2c59&#8243; background_enable_color=&#8221;on&#8221; background__hover_enabled=&#8221;on|hover&#8221; background_color__hover=&#8221;#ea0036&#8243; background_enable_color__hover=&#8221;on&#8221; follow_button=&#8221;off&#8221; url_new_window=&#8221;on&#8221;]Instagram[\/et_pb_social_media_follow_network][et_pb_social_media_follow_network social_network=&#8221;youtube&#8221; use_icon_font_size=&#8221;on&#8221; icon_font_size=&#8221;40px&#8221; icon_font_size_tablet=&#8221;&#8221; icon_font_size_phone=&#8221;20px&#8221; icon_font_size_last_edited=&#8221;on|phone&#8221; _builder_version=&#8221;4.4.5&#8243; background_color=&#8221;#ea0036&#8243; background_enable_color=&#8221;on&#8221; background_color__hover=&#8221;rgba(255,0,60,0.9)&#8221; background__hover_enabled=&#8221;on|hover&#8221; background_enable_color__hover=&#8221;on&#8221; follow_button=&#8221;off&#8221; url_new_window=&#8221;on&#8221;]Youtube[\/et_pb_social_media_follow_network][\/et_pb_social_media_follow][\/et_pb_column][\/et_pb_row][et_pb_row column_structure=&#8221;1_2,1_2&#8243; _builder_version=&#8221;4.4.5&#8243; custom_margin_tablet=&#8221;&#8221; custom_margin_phone=&#8221;-100px||||false|false&#8221; custom_margin_last_edited=&#8221;on|phone&#8221;][et_pb_column type=&#8221;1_2&#8243; _builder_version=&#8221;4.4.5&#8243;][et_pb_code _builder_version=&#8221;4.4.5&#8243;]<iframe loading=\"lazy\" type=\"text\/html\" frameborder=\"0\" width=\"1920\" height=\"1080\" src=\"https:\/\/www.youtube.com\/embed\/gBkztbFqD9g?rel=0\" allowfullscreen=\"\"><\/iframe>[\/et_pb_code][et_pb_text _builder_version=&#8221;4.4.5&#8243; custom_margin=&#8221;-20px||||false|false&#8221;]<\/p>\n<p style=\"text-align: center;\"><strong>Costa Brava-Girona and Dal\u00ed<\/strong><\/p>\n<p>[\/et_pb_text][\/et_pb_column][et_pb_column type=&#8221;1_2&#8243; _builder_version=&#8221;4.4.5&#8243;][et_pb_code _builder_version=&#8221;4.4.5&#8243;]<iframe loading=\"lazy\" type=\"text\/html\" frameborder=\"0\" width=\"1920\" height=\"1080\" src=\"https:\/\/www.youtube.com\/embed\/dDs6_S2fpEw?rel=0\" allowfullscreen=\"\"><\/iframe>[\/et_pb_code][et_pb_text _builder_version=&#8221;4.4.5&#8243; custom_margin=&#8221;-20px||||false|false&#8221;]<\/p>\n<p style=\"text-align: center;\"><strong>Barcelona, Sagrada Familia and Gaud\u00ed<\/strong><\/p>\n<p>[\/et_pb_text][\/et_pb_column][\/et_pb_row][et_pb_row column_structure=&#8221;1_2,1_2&#8243; use_custom_gutter=&#8221;on&#8221; make_equal=&#8221;on&#8221; _builder_version=&#8221;4.4.5&#8243; width=&#8221;100%&#8221; width_tablet=&#8221;&#8221; width_phone=&#8221;100%&#8221; width_last_edited=&#8221;on|phone&#8221; max_width=&#8221;1307px&#8221; max_width_tablet=&#8221;&#8221; max_width_phone=&#8221;2560%&#8221; max_width_last_edited=&#8221;on|phone&#8221; custom_margin=&#8221;-35px||||false|false&#8221; custom_margin_tablet=&#8221;&#8221; custom_margin_phone=&#8221;-43px||||false|false&#8221; custom_margin_last_edited=&#8221;on|phone&#8221;][et_pb_column type=&#8221;1_2&#8243; module_class=&#8221;doscolumnas&#8221; _builder_version=&#8221;4.4.5&#8243;][et_pb_image src=&#8221;https:\/\/casamarieta.com\/wp-content\/uploads\/2020\/05\/ACT-Ang.jpg&#8221; title_text=&#8221;ACT-Ang&#8221; url=&#8221;http:\/\/www.catalunya.com\/casa-marieta-17-14001-434?language=es&#8221; url_new_window=&#8221;on&#8221; align=&#8221;center&#8221; _builder_version=&#8221;4.4.5&#8243; positioning=&#8221;relative&#8221; horizontal_offset=&#8221;38px&#8221; vertical_offset_tablet=&#8221;&#8221; vertical_offset_phone=&#8221;0px&#8221; vertical_offset_last_edited=&#8221;on|phone&#8221; width_tablet=&#8221;&#8221; width_phone=&#8221;60%&#8221; width_last_edited=&#8221;on|phone&#8221;][\/et_pb_image][\/et_pb_column][et_pb_column type=&#8221;1_2&#8243; module_class=&#8221;doscolumnas&#8221; _builder_version=&#8221;4.4.5&#8243;][et_pb_image src=&#8221;https:\/\/casamarieta.com\/wp-content\/uploads\/2020\/05\/Enogast.jpg&#8221; title_text=&#8221;Enogast&#8221; url=&#8221;https:\/\/es.costabrava.org\/que-hacer\/enogastronomia\/restaurantes\/casa-marieta-114798&#8243; align=&#8221;center&#8221; _builder_version=&#8221;4.4.5&#8243; positioning=&#8221;relative&#8221; horizontal_offset_tablet=&#8221;&#8221; horizontal_offset_phone=&#8221;-34px&#8221; horizontal_offset_last_edited=&#8221;on|phone&#8221; width=&#8221;68%&#8221; width_tablet=&#8221;&#8221; width_phone=&#8221;54%&#8221; width_last_edited=&#8221;on|phone&#8221;][\/et_pb_image][\/et_pb_column][\/et_pb_row][et_pb_row column_structure=&#8221;1_3,1_3,1_3&#8243; use_custom_gutter=&#8221;on&#8221; _builder_version=&#8221;4.4.5&#8243; width=&#8221;58%&#8221; width_tablet=&#8221;&#8221; width_phone=&#8221;100%&#8221; width_last_edited=&#8221;on|phone&#8221; custom_margin=&#8221;-12px||||false|false&#8221; custom_margin_tablet=&#8221;&#8221; custom_margin_phone=&#8221;-56px||||false|false&#8221; custom_margin_last_edited=&#8221;on|phone&#8221;][et_pb_column type=&#8221;1_3&#8243; module_class=&#8221;trescolumnas&#8221; _builder_version=&#8221;4.4.5&#8243;][et_pb_image src=&#8221;https:\/\/casamarieta.com\/wp-content\/uploads\/2020\/05\/wikipedia-logo-restaurantes-centenario.png&#8221; title_text=&#8221;wikipedia-logo-restaurantes-centenario&#8221; url=&#8221;https:\/\/es.wikipedia.org\/wiki\/Casa_Marieta&#8221; url_new_window=&#8221;on&#8221; show_bottom_space=&#8221;off&#8221; align=&#8221;center&#8221; show_bottom_space_last_edited=&#8221;off|phone&#8221; module_class=&#8221;trescolumnas&#8221; _builder_version=&#8221;4.4.5&#8243; positioning=&#8221;relative&#8221; horizontal_offset=&#8221;126px&#8221; horizontal_offset_tablet=&#8221;&#8221; horizontal_offset_phone=&#8221;88px&#8221; horizontal_offset_last_edited=&#8221;on|phone&#8221; width=&#8221;33%&#8221; width_tablet=&#8221;&#8221; width_phone=&#8221;75%&#8221; width_last_edited=&#8221;on|phone&#8221; module_alignment=&#8221;center&#8221; custom_margin=&#8221;||||false|false&#8221;][\/et_pb_image][\/et_pb_column][et_pb_column type=&#8221;1_3&#8243; module_class=&#8221;trescolumnas&#8221; _builder_version=&#8221;4.4.5&#8243;][et_pb_image src=&#8221;https:\/\/casamarieta.com\/wp-content\/uploads\/2020\/05\/trip-advisor-logo-restaurant-girona-centro.png&#8221; title_text=&#8221;trip-advisor-logo-restaurant-girona-centro&#8221; url=&#8221;https:\/\/www.tripadvisor.es\/Restaurant_Review-g187499-d809374-Reviews-Casa_Marieta-Girona_Province_of_Girona_Catalonia.html&#8221; url_new_window=&#8221;on&#8221; force_fullwidth=&#8221;on&#8221; module_class=&#8221;trescolumnas&#8221; _builder_version=&#8221;4.4.5&#8243; width_tablet=&#8221;&#8221; width_phone=&#8221;100%&#8221; width_last_edited=&#8221;on|phone&#8221;][\/et_pb_image][\/et_pb_column][et_pb_column type=&#8221;1_3&#8243; module_class=&#8221;trescolumnas&#8221; _builder_version=&#8221;4.4.5&#8243;][et_pb_image src=&#8221;https:\/\/casamarieta.com\/wp-content\/uploads\/2020\/05\/logo-google-places-restaurante-recomendado-casa-marieta..png&#8221; title_text=&#8221;logo google places restaurante recomendado casa marieta.&#8221; url=&#8221;https:\/\/www.google.com\/maps\/place\/Restaurant+Casa+Marieta\/@41.985988,2.823293,16z\/data=!4m5!3m4!1s0x0:0x101d4ec6832a0dc9!8m2!3d41.9857715!4d2.8232796?hl=es&#8221; url_new_window=&#8221;on&#8221; align=&#8221;center&#8221; module_class=&#8221;trescolumnas&#8221; _builder_version=&#8221;4.4.5&#8243; background_color=&#8221;rgba(0,0,0,0)&#8221; positioning=&#8221;relative&#8221; vertical_offset=&#8221;-6px&#8221; horizontal_offset=&#8221;10px&#8221; width=&#8221;39%&#8221; width_tablet=&#8221;&#8221; width_phone=&#8221;40%&#8221; width_last_edited=&#8221;on|phone&#8221; max_height=&#8221;697px&#8221; z_index_tablet=&#8221;&#8221; z_index_phone=&#8221;&#8221; z_index_last_edited=&#8221;on|phone&#8221;][\/et_pb_image][\/et_pb_column][\/et_pb_row][et_pb_row _builder_version=&#8221;4.4.5&#8243; max_height=&#8221;10px&#8221; custom_margin=&#8221;-100px||||false|false&#8221; custom_margin_tablet=&#8221;&#8221; custom_margin_phone=&#8221;&#8221; custom_margin_last_edited=&#8221;on|phone&#8221;][et_pb_column type=&#8221;4_4&#8243; _builder_version=&#8221;4.4.5&#8243;][et_pb_code _builder_version=&#8221;4.4.5&#8243;] <\/p>\n<style>.doscolumnas { display: inline-block;  max-width :50%; }  <\/style>\n<p><!-- [et_pb_line_break_holder] --> <\/p>\n<style>.trescolumnas {<!-- [et_pb_line_break_holder] -->display: inline-block; <!-- [et_pb_line_break_holder] -->max-width :33.33%;<!-- [et_pb_line_break_holder] -->} <\/style>\n<p>[\/et_pb_code][\/et_pb_column][\/et_pb_row][\/et_pb_section]<\/p>\n","protected":false},"excerpt":{"rendered":"<p>Visit us now!WORKING DAYS On request From 12:30h to 15:30h From 20:00h to 22:30h * In summer season (terrace) from 20:00h to 23:00hVespers and Holidays On request From 12:30h to 15:30h From 20:00h to 23:00hContactTelephone +34 972 20 10 16 email info@casamarieta.comAddress Pla\u00e7a Independ\u00e8ncia, 5-6, 17001 GironaCosta Brava-Girona and Dal\u00edBarcelona, Sagrada Familia and Gaud\u00ed<\/p>\n","protected":false},"author":6,"featured_media":0,"parent":0,"menu_order":0,"comment_status":"closed","ping_status":"closed","template":"page-presupuesto.php","meta":{"_acf_changed":false,"_et_pb_use_builder":"on","_et_pb_old_content":"","_et_gb_content_width":"","footnotes":""},"class_list":["post-256722","page","type-page","status-publish","hentry"],"acf":[],"_links":{"self":[{"href":"https:\/\/casamarieta.com\/en\/wp-json\/wp\/v2\/pages\/256722","targetHints":{"allow":["GET"]}}],"collection":[{"href":"https:\/\/casamarieta.com\/en\/wp-json\/wp\/v2\/pages"}],"about":[{"href":"https:\/\/casamarieta.com\/en\/wp-json\/wp\/v2\/types\/page"}],"author":[{"embeddable":true,"href":"https:\/\/casamarieta.com\/en\/wp-json\/wp\/v2\/users\/6"}],"replies":[{"embeddable":true,"href":"https:\/\/casamarieta.com\/en\/wp-json\/wp\/v2\/comments?post=256722"}],"version-history":[{"count":0,"href":"https:\/\/casamarieta.com\/en\/wp-json\/wp\/v2\/pages\/256722\/revisions"}],"wp:attachment":[{"href":"https:\/\/casamarieta.com\/en\/wp-json\/wp\/v2\/media?parent=256722"}],"curies":[{"name":"wp","href":"https:\/\/api.w.org\/{rel}","templated":true}]}}