{"id":256767,"date":"2023-05-22T17:10:14","date_gmt":"2023-05-22T15:10:14","guid":{"rendered":"https:\/\/casamarieta.com\/conditions-generales-de-la-boutique\/"},"modified":"2023-05-22T17:10:14","modified_gmt":"2023-05-22T15:10:14","slug":"conditions-generales-de-la-boutique","status":"publish","type":"page","link":"https:\/\/casamarieta.com\/fr\/conditions-generales-de-la-boutique\/","title":{"rendered":"Conditions g\u00e9n\u00e9rales de la boutique"},"content":{"rendered":"<p>[et_pb_section fb_built=\u00a0\u00bb1&Prime; admin_label=\u00a0\u00bbsection\u00a0\u00bb _builder_version=\u00a0\u00bb3.22&Prime; da_disable_devices=\u00a0\u00bboff|off|off\u00a0\u00bb da_is_popup=\u00a0\u00bboff\u00a0\u00bb da_exit_intent=\u00a0\u00bboff\u00a0\u00bb da_has_close=\u00a0\u00bbon\u00a0\u00bb da_alt_close=\u00a0\u00bboff\u00a0\u00bb da_dark_close=\u00a0\u00bboff\u00a0\u00bb da_not_modal=\u00a0\u00bbon\u00a0\u00bb da_is_singular=\u00a0\u00bboff\u00a0\u00bb da_with_loader=\u00a0\u00bboff\u00a0\u00bb da_has_shadow=\u00a0\u00bbon\u00a0\u00bb][et_pb_row admin_label=\u00a0\u00bbrow\u00a0\u00bb _builder_version=\u00a0\u00bb3.25&Prime; background_size=\u00a0\u00bbinitial\u00a0\u00bb background_position=\u00a0\u00bbtop_left\u00a0\u00bb background_repeat=\u00a0\u00bbrepeat\u00a0\u00bb][et_pb_column type=\u00a0\u00bb4_4&Prime; _builder_version=\u00a0\u00bb3.25&Prime; custom_padding=\u00a0\u00bb|||\u00a0\u00bb custom_padding__hover=\u00a0\u00bb|||\u00a0\u00bb][et_pb_text admin_label=\u00a0\u00bbText\u00a0\u00bb _builder_version=\u00a0\u00bb3.27.4&Prime; background_size=\u00a0\u00bbinitial\u00a0\u00bb background_position=\u00a0\u00bbtop_left\u00a0\u00bb background_repeat=\u00a0\u00bbrepeat\u00a0\u00bb]<\/p>\n<h3>LIVRAISON DE LA COMMANDE :<\/h3>\n<p>&#8211; La livraison de la commande est pr\u00e9vue au jour et \u00e0 l\u2019heure que le client a choisis. Aucune modification ne sera apport\u00e9e une fois que la commande aura d\u00e9j\u00e0 \u00e9t\u00e9 accept\u00e9e et \/ ou pr\u00e9par\u00e9e.<br \/>  &#8211; En cas de TAKE AWAY (retrait au restaurant) que vous ne pouvez pas arriver \u00e0 l\u2019heure convenue ou est retard\u00e9 de plus de 30 min, ou en LIVRAISON (livraison \u00e0 domicile) si le client est absent \u00e0 l\u2019adresse de livraison de la commande, ou n\u2019est pas localis\u00e9, ou ne peut pas acc\u00e9der \u00e0 l\u2019adresse indiqu\u00e9e,  Celui-ci peut \u00eatre jet\u00e9 et peut \u00eatre consid\u00e9r\u00e9 comme livr\u00e9. \u00ab La gestion des d\u00e9chets alimentaires pour des \u0153uvres caritatives sera toujours une priorit\u00e9 pour aider \u00e0 minimiser le gaspillage alimentaire. \u00bb<br \/>  &#8211; En LIVRAISON Pour chaque ligne de quantit\u00e9 et type de produit, 0,5 \u00e0 1 euro sera appliqu\u00e9 en fonction de l\u2019itin\u00e9raire de voyage. Minimum 4e \u00e0 8 e, selon l\u2019itin\u00e9raire de l\u2019itin\u00e9raire.<br \/>  &#8211; Avant la livraison, la commande sera examin\u00e9e par Casa Marieta avec les sceaux et les normes de travail en fonction de la situation et des r\u00e8glements mis \u00e0 jour. Le client \u00e0 r\u00e9ception donne son accord. Une fois la commande livr\u00e9e, sauf erreur, il n\u2019y a pas de droit \u00e0 des modifications pour des raisons de s\u00e9curit\u00e9 et d\u2019hygi\u00e8ne. Le Produit est stock\u00e9 dans des bo\u00eetes, des emballages adapt\u00e9s \u00e0 l\u2019utilisation. Des sacs et des proc\u00e9d\u00e9s respectueux de l\u2019environnement sont utilis\u00e9s, privil\u00e9giant les ressources recyclables et\/ou biod\u00e9gradables.<\/p>\n<h3>HORAIRES:<\/h3>\n<p>&#8211; Les commandes sont accept\u00e9es jusqu\u2019\u00e0 12h00, \u00e0 retirer le jour m\u00eame \u00e0 partir de 12h30, selon l\u2019heure indiqu\u00e9e dans le syst\u00e8me de commande convenu avec le client.<br \/>  &#8211; Le syst\u00e8me vous permet de passer des commandes \u00e0 tout moment et heure de la journ\u00e9e via notre site Web \u00ab&nbsp;Take Away&nbsp;\u00bb, m\u00eame plusieurs jours avant la date de collecte.<br \/>  &#8211; En cas de LIVRAISON, le d\u00e9lai de livraison de la commande est inclus dans le restaurant, de sorte que le temps de la livraison (transport \u00e0 domicile) peut inclure entre 10 et 20 minutes suppl\u00e9mentaires environ, en fonction de l\u2019itin\u00e9raire du voyage.<\/p>\n<h3>LIEU DE LIVRAISON\/RETRAIT DE LA COMMANDE :<\/h3>\n<p>&#8211; La livraison \/ collecte du TAKE AWAY sera effectu\u00e9e au Restaurant Casa Marieta, Plaza Independencia 5-6 17001 G\u00e9rone, 972-201016. En cas de LIVRAISON, ce sera \u00e0 l\u2019adresse de livraison de la commande. Si l\u2019adresse indiqu\u00e9e par le syst\u00e8me de navigation de g\u00e9olocalisation habituel n\u2019est pas localis\u00e9e, la commande sera consid\u00e9r\u00e9e comme livr\u00e9e.<\/p>\n<p>RETOURS \/ R\u00c9CLAMATIONS \/ ANNULATIONS:<br \/>  &#8211; En cas de situation de retour ou de retour, il sera \u00e9tudi\u00e9 et communiqu\u00e9 en temps opportun au client ou \u00e0 la partie int\u00e9ress\u00e9e. Pour toute situation que vous souhaitez \u00e9tudier, vous pouvez envoyer un e-mail \u00e0 takeaway@casamarieta.com.<br \/>  &#8211; Si, en raison d\u2019une situation extraordinaire, une commande pr\u00e9alablement accept\u00e9e ne pouvait pas \u00eatre entreprise, pour des raisons d\u2019organisation interne, pour des raisons de non-pr\u00e9sence du client dans sa collection \u00e0 EMPORTER, pour difficult\u00e9 dans la LIVRAISON, pour acc\u00e8s \/ emplacement risqu\u00e9 ou inconnu, ou d\u2019autres qui rendent le service et \/ ou la commande impossible, Casa Marieta S.L. Il d\u00e9cline toute responsabilit\u00e9.<\/p>\n<p><span style=\"font-weight: 400;\"><strong>IMPORTANT:<\/strong> Veuillez conserver la preuve de votre commande \u00e9lectroniquement ou imprim\u00e9e, car elle sera n\u00e9cessaire pour une v\u00e9rification ult\u00e9rieure lors de la livraison de la commande dans nos installations.  <\/span><\/p>\n<h3>Conditions d\u2019utilisation<\/h3>\n<p>L\u2019utilisation du site vous conf\u00e8re le statut d\u2019Utilisateur et implique l\u2019acceptation pleine et enti\u00e8re de toutes les clauses et conditions d\u2019utilisation incluses dans les pages:<\/p>\n<p><a href=\"https:\/\/casamarieta.com\/fr\/mentions-legales\/\" target=\"_blank\" rel=\"noopener noreferrer\">Mentions l\u00e9gales<\/a><br \/> <a href=\"https:\/\/casamarieta.com\/fr\/politique-de-confidentialite\/\" target=\"_blank\" rel=\"noopener noreferrer\">Politique de confidentialit\u00e9<\/a><br \/> <a href=\"https:\/\/casamarieta.com\/fr\/politique-de-cookies\/\" target=\"_blank\" rel=\"noopener noreferrer\">Politique de cookies<\/a><\/p>\n<p>[\/et_pb_text][\/et_pb_column][\/et_pb_row][\/et_pb_section]<\/p>\n","protected":false},"excerpt":{"rendered":"<p>LIVRAISON DE LA COMMANDE : &#8211; La livraison de la commande est pr\u00e9vue au jour et \u00e0 l\u2019heure que le client a choisis. Aucune modification ne sera apport\u00e9e une fois que la commande aura d\u00e9j\u00e0 \u00e9t\u00e9 accept\u00e9e et \/ ou pr\u00e9par\u00e9e. &#8211; En cas de TAKE AWAY (retrait au restaurant) que vous ne pouvez pas [&hellip;]<\/p>\n","protected":false},"author":6,"featured_media":0,"parent":0,"menu_order":0,"comment_status":"closed","ping_status":"closed","template":"","meta":{"_acf_changed":false,"_et_pb_use_builder":"on","_et_pb_old_content":"","_et_gb_content_width":"","footnotes":""},"class_list":["post-256767","page","type-page","status-publish","hentry"],"acf":[],"_links":{"self":[{"href":"https:\/\/casamarieta.com\/fr\/wp-json\/wp\/v2\/pages\/256767","targetHints":{"allow":["GET"]}}],"collection":[{"href":"https:\/\/casamarieta.com\/fr\/wp-json\/wp\/v2\/pages"}],"about":[{"href":"https:\/\/casamarieta.com\/fr\/wp-json\/wp\/v2\/types\/page"}],"author":[{"embeddable":true,"href":"https:\/\/casamarieta.com\/fr\/wp-json\/wp\/v2\/users\/6"}],"replies":[{"embeddable":true,"href":"https:\/\/casamarieta.com\/fr\/wp-json\/wp\/v2\/comments?post=256767"}],"version-history":[{"count":0,"href":"https:\/\/casamarieta.com\/fr\/wp-json\/wp\/v2\/pages\/256767\/revisions"}],"wp:attachment":[{"href":"https:\/\/casamarieta.com\/fr\/wp-json\/wp\/v2\/media?parent=256767"}],"curies":[{"name":"wp","href":"https:\/\/api.w.org\/{rel}","templated":true}]}}